{"id":34,"date":"2017-04-13T19:54:31","date_gmt":"2017-04-13T17:54:31","guid":{"rendered":"http:\/\/ao-papenburg.de\/?page_id=34"},"modified":"2026-03-18T10:30:17","modified_gmt":"2026-03-18T08:30:17","slug":"1987-2017","status":"publish","type":"page","link":"https:\/\/ao-papenburg.de\/","title":{"rendered":"1987 &#8211; 2026                 39 Jahre"},"content":{"rendered":"\n<p class=\"has-medium-font-size\"><strong>Hallo liebe Akkordeonfreunde, <\/strong><\/p>\n\n\n\n<p class=\"has-text-align-center has-medium-font-size\">&#8230;das Akkordeon ist das Instrument des Jahres! <\/p>\n\n\n\n<figure class=\"wp-block-image size-full\"><img loading=\"lazy\" decoding=\"async\" width=\"1000\" height=\"839\" src=\"https:\/\/ao-papenburg.de\/wp-content\/uploads\/2026\/03\/grafik.png\" alt=\"\" class=\"wp-image-1108\" srcset=\"https:\/\/ao-papenburg.de\/wp-content\/uploads\/2026\/03\/grafik.png 1000w, https:\/\/ao-papenburg.de\/wp-content\/uploads\/2026\/03\/grafik-300x252.png 300w, https:\/\/ao-papenburg.de\/wp-content\/uploads\/2026\/03\/grafik-768x644.png 768w, https:\/\/ao-papenburg.de\/wp-content\/uploads\/2026\/03\/grafik-358x300.png 358w\" sizes=\"auto, (max-width: 1000px) 100vw, 1000px\" \/><\/figure>\n\n\n\n<p class=\"has-text-align-center has-medium-font-size\"><\/p>\n\n\n\n<p>&#8230;aus diesem Grund d\u00fcrfen wir Sie ganz herzlich zu einem au\u00dfergew\u00f6hnlichen Konzert einladen: am Samstag, den 09.05.2026 um 20:00 Uhr wird unser Orchester in der St.Antonius-Kirche zu Papenburg zusammen mit dem Regionalkirchenmusiker Ralf Stiewe an der gr\u00f6\u00dften in Deutschland erhaltenen Konzertsaalorgel &#8211; einer Walcker-Orgel &#8211; ein einmaliges Konzert geben.<\/p>\n\n\n\n<p><a href=\"https:\/\/papenburg-kultur.eventim-inhouse.de\/webshop\/webticket\/bestseatselect?eventId=2863\">https:\/\/papenburg-kultur.eventim-inhouse.de\/webshop\/webticket\/bestseatselect?eventId=2863<\/a><\/p>\n\n\n\n<p><\/p>\n\n\n\n<figure class=\"wp-block-gallery has-nested-images columns-default is-cropped wp-block-gallery-1 is-layout-flex wp-block-gallery-is-layout-flex\"><\/figure>\n\n\n\n<p><\/p>\n","protected":false},"excerpt":{"rendered":"<p>Hallo liebe Akkordeonfreunde, &#8230;das Akkordeon ist das Instrument des Jahres! &#8230;aus diesem Grund d\u00fcrfen wir Sie ganz herzlich zu einem au\u00dfergew\u00f6hnlichen Konzert einladen: am Samstag, den 09.05.2026 um 20:00 Uhr wird unser Orchester in der St.Antonius-Kirche zu Papenburg zusammen mit &hellip; <a href=\"https:\/\/ao-papenburg.de\/\">Weiterlesen <span class=\"meta-nav\">&rarr;<\/span><\/a><\/p>\n","protected":false},"author":1,"featured_media":69,"parent":0,"menu_order":0,"comment_status":"closed","ping_status":"closed","template":"","meta":{"footnotes":""},"class_list":["post-34","page","type-page","status-publish","has-post-thumbnail","hentry"],"_links":{"self":[{"href":"https:\/\/ao-papenburg.de\/index.php?rest_route=\/wp\/v2\/pages\/34","targetHints":{"allow":["GET"]}}],"collection":[{"href":"https:\/\/ao-papenburg.de\/index.php?rest_route=\/wp\/v2\/pages"}],"about":[{"href":"https:\/\/ao-papenburg.de\/index.php?rest_route=\/wp\/v2\/types\/page"}],"author":[{"embeddable":true,"href":"https:\/\/ao-papenburg.de\/index.php?rest_route=\/wp\/v2\/users\/1"}],"replies":[{"embeddable":true,"href":"https:\/\/ao-papenburg.de\/index.php?rest_route=%2Fwp%2Fv2%2Fcomments&post=34"}],"version-history":[{"count":124,"href":"https:\/\/ao-papenburg.de\/index.php?rest_route=\/wp\/v2\/pages\/34\/revisions"}],"predecessor-version":[{"id":1109,"href":"https:\/\/ao-papenburg.de\/index.php?rest_route=\/wp\/v2\/pages\/34\/revisions\/1109"}],"wp:featuredmedia":[{"embeddable":true,"href":"https:\/\/ao-papenburg.de\/index.php?rest_route=\/wp\/v2\/media\/69"}],"wp:attachment":[{"href":"https:\/\/ao-papenburg.de\/index.php?rest_route=%2Fwp%2Fv2%2Fmedia&parent=34"}],"curies":[{"name":"wp","href":"https:\/\/api.w.org\/{rel}","templated":true}]}}